{"id":135,"date":"2021-02-12T18:04:02","date_gmt":"2021-02-12T17:04:02","guid":{"rendered":"https:\/\/www.hotelpolitano.it\/privacy-policy\/"},"modified":"2022-04-04T15:05:15","modified_gmt":"2022-04-04T13:05:15","slug":"privacy-policy","status":"publish","type":"page","link":"https:\/\/www.hotelpolitano.it\/en\/privacy-policy\/","title":{"rendered":"Privacy Policy"},"content":{"rendered":"<p>Hotel Ristorante da Politano Snc, in linea con il D.lgs. 196\/2003 (di seguito \u201cCodice Privacy\u201d) e il Regolamento (UE) 2016\/679 (di seguito \u201cGDPR\u201d), intende garantire la privacy e la sicurezza dei dati personali di ciascun visitatore coerentemente con quanto prescritto nella presente Informativa.<\/p>\n<h2>Chi siamo<\/h2>\n<p>Hotel Ristorante da Politano Snc \u00e8 il titolare del trattamento dei dati per questo sito. La sede legale si trova in via Santuario 125, Boves (CN). Puoi contattarci attraverso <a href=\"https:\/\/www.hotelpolitano.it\/en\/contacts\/\">questo modulo<\/a>.<\/p>\n<h2>Quali dati personali raccogliamo e perch\u00e9<\/h2>\n<p>Raccogliamo una serie di dati personali relativi ai nostri clienti e agli utenti che visitano il nostro sito riconducibili alle categorie descritte nel seguito.<\/p>\n<p>La fruizione del sito non \u00e8 destinata ai minori di 16 anni e non raccogliamo scientemente i dati che li riguardano. Nel caso in cui riconosceremo di aver raccolto dati personali di utenti minori di 16 anni prenderemo le misure necessarie per eliminare tali informazioni quanto prima.<\/p>\n<h3 id=\"cookies\">Cookie<\/h3>\n<p>I cookie sono dei file che possono essere registrati sul disco rigido del tuo dispositivo. Questo permette una navigazione pi\u00f9 agevole e una maggiore facilit\u00e0 d&#8217;uso del sito stesso. I cookie possono essere usati per determinare se \u00e8 gi\u00e0 stata effettuata una connessione fra il tuo dispositivo e le nostre pagine.<\/p>\n<p>I cookie presenti su un sito web si dividono nelle seguenti categorie principali:<\/p>\n<ul>\n<li><strong>Cookie tecnici:<\/strong> sono i cookie che servono a effettuare la navigazione o a fornire un servizio richiesto dall&#8217;utente. Non vengono utilizzati per scopi ulteriori e sono normalmente installati direttamente dal titolare del sito web. Questi cookie non richiedono il consenso.<\/li>\n<li><strong>Cookie di profilazione:<\/strong> sono i cookie utilizzati per tracciare la navigazione dell&#8217;utente in rete e creare profili sui suoi gusti, abitudini, scelte, ecc. Con questi cookie possono essere trasmessi al terminale dell&#8217;utente messaggi pubblicitari in linea con le preferenze gi\u00e0 manifestate dallo stesso utente nella navigazione online.<\/li>\n<\/ul>\n<p>La maggior parte dei browser accetta cookie automaticamente. Puoi rifiutare o revocare l&#8217;autorizzazione in ogni momento selezionando i parametri corrispondenti nelle specifiche opzioni del browser in uso. Per avere ulteriori informazioni su come effettuare questa operazione puoi fare riferimento alle istruzioni del tuo browser:<\/p>\n<ul>\n<li><a href=\"https:\/\/support.google.com\/chrome\/answer\/95647?hl=it&amp;p=cpn_cookies\">Google Chrome<\/a><\/li>\n<li><a href=\"https:\/\/support.mozilla.org\/it\/kb\/Attivare%20e%20disattivare%20i%20cookie\">Mozilla Firefox<\/a><\/li>\n<li><a href=\"https:\/\/support.apple.com\/it-it\/HT201265\">Apple Safari<\/a><\/li>\n<li><a href=\"https:\/\/windows.microsoft.com\/it-it\/internet-explorer\/delete-manage-cookies#ie=ie-11\">Microsoft Internet Explorer<\/a><\/li>\n<li><a href=\"https:\/\/privacy.microsoft.com\/it-it\/windows-10-microsoft-edge-and-privacy\">Microsoft Edge<\/a><\/li>\n<\/ul>\n<p>La scelta di non far accettare cookie dal browser pu\u00f2 limitare le funzioni accessibili sul nostro sito.<\/p>\n<p>Questo sito utilizza i seguenti cookie:<\/p>\n<h4>Cookie di prima parte<\/h4>\n<p>Questo sito fa uso dei seguenti cookie tecnici al solo fine di erogare al meglio il servizio:<\/p>\n<ul>\n<li><a href=\"https:\/\/codex.wordpress.org\/WordPress_Cookies\" target=\"_blank\" rel=\"noopener noreferrer\">WordPress<\/a><\/li>\n<li><a href=\"https:\/\/wpml.org\/documentation\/support\/browser-cookies-stored-wpml\/\" target=\"_blank\" rel=\"noopener noreferrer\">WPML<\/a><\/li>\n<li><strong>cookie_notice<\/strong>: serve a ricordare la scelta effettuata dall&#8217;utente che accetta o meno l&#8217;uso dei cookie su questo sito.<\/li>\n<\/ul>\n<h4>Cookie di terze parti<\/h4>\n<p>Questo sito raccoglie informazioni, in forma aggregata, sul numero degli utenti e su come questi visitano il sito stesso, inoltre, per fornire un servizio migliore, utilizza oggetti incorporati per offrire pi\u00f9 funzionalit\u00e0. Per informazioni sulle finalit\u00e0, il tipo e le modalit\u00e0 di raccolta, elaborazione, utilizzo e conservazione dei dati personali da parte della terza parte, nonch\u00e9 per le modalit\u00e0 attraverso cui esercitare i propri diritti, si prega di consultare la politica privacy adottata dalla singola terza parte.<\/p>\n<p>In sintesi vengono scaricati\u00a0i seguenti cookie di terze parti:<\/p>\n<ul>\n<li><a href=\"https:\/\/developers.google.com\/analytics\/devguides\/collection\/analyticsjs\/cookie-usage\" target=\"_blank\" rel=\"noopener noreferrer\">Google Analytics<\/a>:\u00a0assimilati ai cookie tecnici poich\u00e9 viene utilizzata la\u00a0mascheratura dell&#8217;indirizzo IP per raccogliere informazioni, in forma aggregata, sul numero degli utenti e su come questi visitano il sito stesso. \u00c8 possibile scaricare un componente aggiuntivo del browser per disattivare Google Analytics (<a href=\"https:\/\/tools.google.com\/dlpage\/gaoptout?hl=it\">maggiori informazioni<\/a>).<\/li>\n<li><a href=\"https:\/\/policies.google.com\/technologies\/cookies?hl=it\">YouTube-nocookie<\/a>: assimilati ai cookie tecnici poich\u00e9\u00a0viene utilizzata una versione particolare di YouTube, denominata YouTube-nocookie, che scarica i cookie solo all&#8217;effettiva pressione del bottone play di un video.<\/li>\n<li>ReCAPTCHA: assimilati ai cookie tecnici poich\u00e9 si utilizza il dominio www.recaptcha.net al posto di www.google.com (<a href=\"https:\/\/developers.google.com\/recaptcha\/docs\/faq\">info<\/a>).<\/li>\n<\/ul>\n<h3>Richiesta di contatti<\/h3>\n<p>Se ci contatti attraverso uno dei moduli disponibili sul sito ti chiediamo nome, cognome e indirizzo email. Queste informazioni ci servono per poterti eventualmente rispondere e non sono rese pubbliche. Non condividere documenti personali o informazioni sensibili con noi, n\u00e9 riguardanti te stesso n\u00e9 altri.<\/p>\n<p>Per contenere lo spam facciamo uso del servizio reCAPTCHA di Google, a cui vengono passati alcuni dati tra cui l&#8217;indirizzo IP che stai usando. Ecco l&#8217;<a href=\"https:\/\/policies.google.com\/?hl=it\" target=\"_blank\" rel=\"noopener noreferrer\">informativa sulla privacy di reCAPTCHA<\/a>.<\/p>\n<h2>I tuoi diritti<\/h2>\n<p>Se hai un account su questo sito puoi richiedere attraverso il <a href=\"https:\/\/www.hotelpolitano.it\/en\/contacts\/\">modulo dei contatti<\/a>\u00a0quali dati conserviamo su di te, compresi i dati che ci hai fornito. Dopo che ci saremo assicurati che la richiesta arrivi davvero da te, ti forniremo al pi\u00f9 presto un file in formato ZIP con tutte le informazioni che abbiamo su di te. Allo stesso modo, \u00e8 tuo diritto richiedere la rettifica o la cancellazione di tutti i dati personali che ti riguardano, nonch\u00e9 la limitazione e l&#8217;opposizione al trattamento degli stessi, oltre che la trasmissione degli stessi ad un altro titolare del trattamento. Tuttavia, tali diritti non riguardano i dati che siamo obbligati a conservare per scopi amministrativi, legali o di sicurezza.<\/p>\n<h2>Conservazione dei dati personali<\/h2>\n<p>I tuoi dati sono conservati su un Virtual Private Server di Serverplan ospitato in una server farm in Italia. Ecco l&#8217;<a href=\"https:\/\/www.serverplan.com\/about-us\/privacy\" target=\"_blank\" rel=\"noopener noreferrer\">informativa sulla privacy di Serverplan<\/a>.<\/p>\n<p>Per ragioni di sicurezza conserviamo alcune copie di backup sugli Amazon S3. Ecco l&#8217;<a href=\"https:\/\/aws.amazon.com\/it\/privacy\/\" target=\"_blank\" rel=\"noopener noreferrer\">informativa sulla privacy di Amazon AWS<\/a>.<\/p>\n<h2>Condivisione dei dati personali<\/h2>\n<p>Condividiamo i tuoi dati personali con altre aziende solo e esclusivamente quando strettamente indispensabile per poterti fornire un servizio secondo quanto descritto nei precedenti paragrafi (ad esempio per poterti spedire un prodotto acquistato).<\/p>\n<p>Ecco i servizi di cui facciamo uso con le relative informative sulla privacy:<\/p>\n<h3>Antispam<\/h3>\n<ul>\n<li><strong>Akismet<\/strong> (<a href=\"https:\/\/automattic.com\/privacy\/\" target=\"_blank\" rel=\"noopener noreferrer\">informativa<\/a>), per proteggere il nostro sito e i nostri lettori dai contenuti malevoli.<\/li>\n<li><strong>ReCAPTCHA<\/strong> (<a href=\"https:\/\/policies.google.com\/?hl=it\" target=\"_blank\" rel=\"noopener noreferrer\">informativa<\/a>), per ridurre lo spam che riceviamo.<\/li>\n<\/ul>\n<h3>Statistiche<\/h3>\n<ul>\n<li><strong>Google Analytics<\/strong> (<a href=\"https:\/\/www.google.com\/intl\/it_it\/analytics\/learn\/privacy.html\" target=\"_blank\" rel=\"noopener noreferrer\">informativa<\/a>), per avere statistiche sulle visite.<\/li>\n<\/ul>\n<h3>Sicurezza<\/h3>\n<ul>\n<li><strong>Sucuri<\/strong> (<a href=\"https:\/\/sucuri.net\/privacy\" target=\"_blank\" rel=\"noopener noreferrer\">informativa<\/a>), per il monitoraggio di problemi di sicurezza.<\/li>\n<\/ul>\n<h3>Oggetti incorporati<\/h3>\n<ul>\n<li><strong>YouTube<\/strong> (<a href=\"https:\/\/www.youtube.com\/static?template=privacy_guidelines\" target=\"_blank\" rel=\"noopener noreferrer\">informativa<\/a>), per la visualizzazione di video direttamente nelle pagine.<\/li>\n<\/ul>\n<h2>Per quanto tempo conserviamo i tuoi dati<\/h2>\n<p>Conserveremo i tuoi dati personali per tutto il periodo nel quale l&#8217;account sar\u00e0 attivo. Nel paragrafo &#8220;I tuoi diritti&#8221; puoi visualizzare una descrizione relativa al diritto di cancellazione.<\/p>\n<h2>Cambiamenti alla tutela della privacy<\/h2>\n<p>Ci riserviamo il diritto di aggiornare saltuariamente la presente informativa sulla privacy in relazione ai miglioramenti apportati alle nostre offerte e all&#8217;evoluzione tecnologica e normativa. Questa informativa \u00e8 stata modificata l&#8217;ultima volta il 23 febbraio 2021.<\/p>\n","protected":false},"excerpt":{"rendered":"<p>Hotel Ristorante da Politano Snc, in linea con il D.lgs. 196\/2003 (di seguito \u201cCodice Privacy\u201d) e il Regolamento (UE) 2016\/679<\/p>\n","protected":false},"author":1,"featured_media":0,"parent":0,"menu_order":0,"comment_status":"closed","ping_status":"open","template":"","meta":{"footnotes":""},"class_list":["post-135","page","type-page","status-publish","hentry"],"_links":{"self":[{"href":"https:\/\/www.hotelpolitano.it\/en\/wp-json\/wp\/v2\/pages\/135","targetHints":{"allow":["GET"]}}],"collection":[{"href":"https:\/\/www.hotelpolitano.it\/en\/wp-json\/wp\/v2\/pages"}],"about":[{"href":"https:\/\/www.hotelpolitano.it\/en\/wp-json\/wp\/v2\/types\/page"}],"author":[{"embeddable":true,"href":"https:\/\/www.hotelpolitano.it\/en\/wp-json\/wp\/v2\/users\/1"}],"replies":[{"embeddable":true,"href":"https:\/\/www.hotelpolitano.it\/en\/wp-json\/wp\/v2\/comments?post=135"}],"version-history":[{"count":3,"href":"https:\/\/www.hotelpolitano.it\/en\/wp-json\/wp\/v2\/pages\/135\/revisions"}],"predecessor-version":[{"id":190,"href":"https:\/\/www.hotelpolitano.it\/en\/wp-json\/wp\/v2\/pages\/135\/revisions\/190"}],"wp:attachment":[{"href":"https:\/\/www.hotelpolitano.it\/en\/wp-json\/wp\/v2\/media?parent=135"}],"curies":[{"name":"wp","href":"https:\/\/api.w.org\/{rel}","templated":true}]}}